{"id":110,"date":"2023-04-26T00:00:20","date_gmt":"2023-04-26T00:00:20","guid":{"rendered":"https:\/\/smolsoft.000webhostapp.com\/?page_id=2"},"modified":"2023-05-31T15:59:26","modified_gmt":"2023-05-31T13:59:26","slug":"about","status":"publish","type":"page","link":"https:\/\/smolgeek.com\/cs\/about\/","title":{"rendered":"O mn\u011b"},"content":{"rendered":"<div class=\"wp-block-group is-nowrap is-layout-flex wp-container-1\">\n<p>Ahoj! Jsem v\u00fdvoj\u00e1\u0159 s oblibou k programov\u00e1n\u00ed a zam\u011b\u0159en\u00edm na jazyk Java a to v\u010detn\u011b v\u00fdvoje Android aplikac\u00ed. Jako digit\u00e1ln\u00ed \"nom\u00e1d\" si u\u017e\u00edv\u00e1m objevov\u00e1n\u00ed nov\u00fdch m\u00edst a pono\u0159ov\u00e1n\u00ed se do r\u016fzn\u00fdch kultur, zat\u00edmco st\u00e1le rozv\u00edj\u00edm sv\u00e9 dovednosti a vytv\u00e1\u0159\u00edm inovativn\u00ed \u0159e\u0161en\u00ed.<\/p>\n\n\n\n<figure class=\"wp-block-image size-large has-custom-border is-style-rounded\"><img decoding=\"async\" src=\"https:\/\/filedn.eu\/l5hSrgny5aTmlBwoFQogJlk\/res\/pic\/avatar\/_8cfbdfca-ed26-408b-9c17-856984ff2c81-removebg-preview.png\" alt=\"\" style=\"border-width:21%\"\/><\/figure>\n<\/div>\n\n\n\n<hr class=\"wp-block-separator has-alpha-channel-opacity is-style-wide\"\/>\n\n\n\n<div class=\"wp-block-group is-layout-constrained\">\n<div class=\"wp-block-group is-nowrap is-layout-flex wp-container-2\">\n<figure class=\"wp-block-image size-large is-resized has-custom-border is-style-rounded\"><img decoding=\"async\" loading=\"lazy\" src=\"https:\/\/filedn.eu\/l5hSrgny5aTmlBwoFQogJlk\/res\/pic\/avatar\/_journy_150x150.jpeg\" alt=\"\" style=\"border-width:21%\" width=\"100\" height=\"100\"\/><\/figure>\n\n\n\n<h4 class=\"wp-block-heading\">M\u016fj p\u0159\u00edb\u011bh<\/h4>\n<\/div>\n\n\n\n<p>Programov\u00e1n\u00ed se pro m\u011b rychle stalo v\u00e1\u0161n\u00ed pot\u00e9, co jsem si uv\u011bdomil, \u017ee je to to, co m\u011b bav\u00ed. Stalo se to trochu posedlost\u00ed a nad\u0161en\u011b jsem se vrhl do sv\u011bta programov\u00e1n\u00ed, po\u010d\u00ednaje v\u00fdvojem na Android platformu. N\u011bkde po cest\u011b jsem objevil svou z\u00e1libu v jazyce Java. Vedle zna\u010dn\u00fdch mo\u017enost\u00ed a \"uzr\u00e1n\u00ed\", je na tomto programovac\u00edm jazyku n\u011bco, co mi sed\u00ed.  Napl\u0148uje m\u011b pomoc\u00ed Javy \u0159e\u0161it probl\u00e9my a zdokonalovat sv\u00e9 dovednosti ve v\u00fdvoji. Tak\u00e9 se r\u00e1d se u\u010d\u00edm nov\u00fdm v\u011bcem a zlep\u0161uji se. Z\u0159ejm\u011b i proto se programov\u00e1n\u00ed se stalo ned\u00edlnou sou\u010d\u00e1st\u00ed m\u00e9ho \u017eivota.<\/p>\n<\/div>\n\n\n\n<hr class=\"wp-block-separator has-alpha-channel-opacity is-style-wide\"\/>\n\n\n\n<div class=\"wp-block-group is-layout-constrained\">\n<div class=\"wp-block-group is-nowrap is-layout-flex wp-container-4\">\n<figure class=\"wp-block-image size-large is-resized has-custom-border is-style-rounded\"><img decoding=\"async\" loading=\"lazy\" src=\"https:\/\/filedn.eu\/l5hSrgny5aTmlBwoFQogJlk\/res\/pic\/avatar\/_9a586c2a-99b2-412e-9377-92f38cf077b3.jpeg\" alt=\"\" style=\"border-width:21%\" width=\"100\" height=\"100\"\/><\/figure>\n\n\n\n<h4 class=\"wp-block-heading\">Zku\u0161enosti<\/h4>\n<\/div>\n\n\n\n<p>M\u00e1m zku\u0161enosti s v\u00fdvojem zejm\u00e9na Java aplikac\u00ed, porozum\u011bn\u00ed logice a \u0159e\u0161en\u00ed probl\u00e9m\u016f. Rovn\u011b\u017e se vyzn\u00e1m ve v\u00fdvoji pro Android, v\u010detn\u011b tvorby mobiln\u00edch aplikac\u00ed pomoc\u00ed Javy a Android Studia. Neust\u00e1le hled\u00e1m nov\u00e9 v\u00fdzvy a p\u0159\u00edle\u017eitosti k roz\u0161\u00ed\u0159en\u00ed sv\u00fdch znalost\u00ed a schopnost\u00ed. Moje zv\u011bdavost a v\u00e1\u0161e\u0148 pro programov\u00e1n\u00ed m\u011b motivuj\u00ed k neust\u00e1l\u00e9mu u\u010den\u00ed se a sledov\u00e1n\u00ed posledn\u00edch v\u00fdvoj\u016f v technologick\u00e9m pr\u016fmyslu.<\/p>\n<\/div>\n\n\n\n<hr class=\"wp-block-separator has-alpha-channel-opacity is-style-wide\"\/>\n\n\n\n<div class=\"wp-block-group is-layout-constrained\">\n<div class=\"wp-block-group is-nowrap is-layout-flex wp-container-6\">\n<figure class=\"wp-block-image size-large is-resized has-custom-border is-style-rounded\"><img decoding=\"async\" loading=\"lazy\" src=\"https:\/\/filedn.eu\/l5hSrgny5aTmlBwoFQogJlk\/res\/pic\/avatar\/_a175c84d-4076-41f0-9319-0635a799113e.jpeg\" alt=\"\" style=\"border-width:21%\" width=\"100\" height=\"100\"\/><\/figure>\n\n\n\n<h2 class=\"wp-block-heading\">Dovednosti<\/h2>\n<\/div>\n\n\n\n<div class=\"wp-block-group is-layout-constrained\">\n<div class=\"wp-block-group is-layout-constrained\">\n<h4 class=\"wp-block-heading\">Java<\/h4>\n\n\n\n<p>M\u00e1m zku\u0161enosti s programov\u00e1n\u00edm v Jav\u011b, v\u010detn\u011b objektov\u011b orientovan\u00e9ho programov\u00e1n\u00ed, datov\u00fdch struktur a algoritm\u016f. Pracoval jsem s popul\u00e1rn\u00edmi frameworky Javy, jako je Spring a Hibernate.<\/p>\n<\/div>\n\n\n\n<div class=\"wp-block-group is-layout-constrained\">\n<h4 class=\"wp-block-heading\">R\u00e1d se u\u010d\u00edm nov\u00e9mu<\/h4>\n\n\n\n<p>V\u017edycky jsem nad\u0161en\u00fd z u\u010den\u00ed se nov\u00fdm technologi\u00edm a n\u00e1stroj\u016fm a aktivn\u011b sleduji posledn\u00ed pokroky v oblasti softwarov\u00e9ho v\u00fdvoje.<\/p>\n<\/div>\n\n\n\n<div class=\"wp-block-group is-layout-constrained\">\n<h4 class=\"wp-block-heading\"><strong>V\u00fdvoj pro Android platformu<\/strong><\/h4>\n\n\n\n<p>M\u00e1m praktick\u00e9 zku\u0161enosti s v\u00fdvojem aplikac\u00ed pro Android pomoc\u00ed Javy a Android Studia, v\u010detn\u011b n\u00e1vrhu u\u017eivatelsk\u00e9ho rozhran\u00ed (UI\/UX), integrace API a nasazen\u00ed aplikace do obchodu Google Play.<\/p>\n<\/div>\n\n\n\n<div class=\"wp-block-group is-layout-constrained\">\n<h4 class=\"wp-block-heading\"><strong>Spr\u00e1va verz\u00ed (Version Control):<\/strong><\/h4>\n\n\n\n<p>M\u00e1m dovednosti v pou\u017e\u00edv\u00e1n\u00ed Gitu, \u0161iroce vyu\u017e\u00edvan\u00e9ho syst\u00e9mu spr\u00e1vy verz\u00ed, k efektivn\u00ed spr\u00e1v\u011b a spolupr\u00e1ci na k\u00f3du. Pou\u017e\u00edv\u00e1m jak termin\u00e1l, tak grafick\u00e9 rozhran\u00ed pro sledov\u00e1n\u00ed zm\u011bn, vytv\u00e1\u0159en\u00ed v\u011btv\u00ed, slu\u010dov\u00e1n\u00ed k\u00f3du a dal\u0161\u00ed \u010dinnosti spojen\u00e9 se spr\u00e1vou verz\u00ed.<\/p>\n<\/div>\n\n\n\n<div class=\"wp-block-group is-layout-constrained\">\n<h4 class=\"wp-block-heading\"><strong>\u0158e\u0161en\u00ed probl\u00e9m\u016f (Problem-Solving):<\/strong><\/h4>\n\n\n\n<p>M\u00e1m siln\u011b analytick\u00e9 zam\u011b\u0159en\u00ed mysli a r\u00e1d \u0159e\u0161\u00edm slo\u017eit\u00e9 probl\u00e9my pomoc\u00ed kritick\u00e9ho my\u0161len\u00ed a logick\u00e9ho \u00fasudku.<\/p>\n<\/div>\n<\/div>\n<\/div>","protected":false},"excerpt":{"rendered":"<p>Hello there! I&#8217;m a passionate developer with a love for coding and a focus on Java language, including Android development. As a digital nomad, I enjoy exploring new places and immersing myself in different cultures while continuing to develop my skills and create innovative solutions. My journey Coding quickly became a passion for me after [&hellip;]<\/p>","protected":false},"author":1,"featured_media":0,"parent":0,"menu_order":0,"comment_status":"closed","ping_status":"closed","template":"","meta":{"_monsterinsights_skip_tracking":false,"_monsterinsights_sitenote_active":false,"_monsterinsights_sitenote_note":"","_monsterinsights_sitenote_category":0},"aioseo_notices":[],"_links":{"self":[{"href":"https:\/\/smolgeek.com\/cs\/wp-json\/wp\/v2\/pages\/110"}],"collection":[{"href":"https:\/\/smolgeek.com\/cs\/wp-json\/wp\/v2\/pages"}],"about":[{"href":"https:\/\/smolgeek.com\/cs\/wp-json\/wp\/v2\/types\/page"}],"author":[{"embeddable":true,"href":"https:\/\/smolgeek.com\/cs\/wp-json\/wp\/v2\/users\/1"}],"replies":[{"embeddable":true,"href":"https:\/\/smolgeek.com\/cs\/wp-json\/wp\/v2\/comments?post=110"}],"version-history":[{"count":4,"href":"https:\/\/smolgeek.com\/cs\/wp-json\/wp\/v2\/pages\/110\/revisions"}],"predecessor-version":[{"id":295,"href":"https:\/\/smolgeek.com\/cs\/wp-json\/wp\/v2\/pages\/110\/revisions\/295"}],"wp:attachment":[{"href":"https:\/\/smolgeek.com\/cs\/wp-json\/wp\/v2\/media?parent=110"}],"curies":[{"name":"wp","href":"https:\/\/api.w.org\/{rel}","templated":true}]}}