{"id":140,"date":"2023-05-23T20:04:57","date_gmt":"2023-05-23T20:04:57","guid":{"rendered":"https:\/\/smolgeek.com\/?page_id=140"},"modified":"2023-05-30T06:33:44","modified_gmt":"2023-05-30T06:33:44","slug":"privacy-policy","status":"publish","type":"page","link":"https:\/\/smolgeek.com\/cs\/privacy-policy\/","title":{"rendered":"Soukrom\u00ed"},"content":{"rendered":"<h2 class=\"wp-block-heading\">S k\u00fdm m\u00e1te tu \u010dest.<\/h2>\n\n\n\n<p>Na\u0161e webov\u00e1 str\u00e1nka je: https:\/\/smolgeek.com.<\/p>\n\n\n\n<h2 class=\"wp-block-heading\">Koment\u00e1\u0159e<\/h2>\n\n\n\n<p><strong class=\"privacy-policy-tutorial\"> <\/strong>Kdy\u017e n\u00e1v\u0161t\u011bvn\u00edci zanechaj\u00ed koment\u00e1\u0159e na str\u00e1nce, shroma\u017e\u010fujeme \u00fadaje uveden\u00e9 ve formul\u00e1\u0159i koment\u00e1\u0159\u016f, stejn\u011b jako IP adresu n\u00e1v\u0161t\u011bvn\u00edka a \u0159et\u011bzec identifikuj\u00edc\u00ed prohl\u00ed\u017ee\u010d (user agent), abychom pomohli detekovat nevy\u017e\u00e1danou po\u0161tu (spam).<\/p>\n\n\n\n<p>Anonymizovan\u00fd \u0159et\u011bzec vytvo\u0159en\u00fd z va\u0161\u00ed emailov\u00e9 adresy (tak\u00e9 naz\u00fdvan\u00fd hash) m\u016f\u017ee b\u00fdt poskytnut slu\u017eb\u011b Gravatar za \u00fa\u010delem zji\u0161t\u011bn\u00ed, zda ji pou\u017e\u00edv\u00e1te. Z\u00e1sady ochrany osobn\u00edch \u00fadaj\u016f slu\u017eby Gravatar jsou k dispozici zde: [vlo\u017ete odkaz na z\u00e1sady ochrany osobn\u00edch \u00fadaj\u016f slu\u017eby Gravatar]. Po schv\u00e1len\u00ed va\u0161eho koment\u00e1\u0159e je v\u00e1\u0161 profilov\u00fd obr\u00e1zek ve\u0159ejn\u011b viditeln\u00fd v kontextu va\u0161eho koment\u00e1\u0159e.<\/p>\n\n\n\n<h2 class=\"wp-block-heading\">Media<\/h2>\n\n\n\n<p>Pokud nahr\u00e1v\u00e1te obr\u00e1zky na webovou str\u00e1nku, m\u011bli byste se vyhnout nahr\u00e1v\u00e1n\u00ed obr\u00e1zk\u016f s vlo\u017een\u00fdmi geografick\u00fdmi daty (EXIF GPS). N\u00e1v\u0161t\u011bvn\u00edci webov\u00e9 str\u00e1nky mohou st\u00e1hnout a extrahovat jak\u00e1koliv geografick\u00e1 data z obr\u00e1zk\u016f na str\u00e1nce.<\/p>\n\n\n\n<h2 class=\"wp-block-heading\">Cookies<\/h2>\n\n\n\n<p>Pokud zanech\u00e1te koment\u00e1\u0159 na na\u0161\u00ed str\u00e1nce, m\u016f\u017eete se rozhodnout ulo\u017eit sv\u00e9 jm\u00e9no, emailovou adresu a webovou str\u00e1nku do soubor\u016f cookies. Tyto \u00fadaje jsou ulo\u017eeny pro va\u0161e pohodl\u00ed, abyste nemuseli znovu vypl\u0148ovat sv\u00e9 \u00fadaje p\u0159i dal\u0161\u00edm koment\u00e1\u0159i. Tyto soubory cookies budou platn\u00e9 po dobu jednoho roku.<\/p>\n\n\n\n<p>Pokud nav\u0161t\u00edv\u00edte na\u0161i p\u0159ihla\u0161ovac\u00ed str\u00e1nku, nastav\u00edme do\u010dasn\u00fd soubor cookie, abychom zjistili, zda v\u00e1\u0161 prohl\u00ed\u017ee\u010d p\u0159ij\u00edm\u00e1 cookies. Tento soubor cookie neobsahuje \u017e\u00e1dn\u00e1 osobn\u00ed data a je zahozen po zav\u0159en\u00ed prohl\u00ed\u017ee\u010de.<\/p>\n\n\n\n<p>Po p\u0159ihl\u00e1\u0161en\u00ed nastav\u00edme n\u011bkolik soubor\u016f cookies, abychom si ulo\u017eili va\u0161e p\u0159ihla\u0161ovac\u00ed \u00fadaje a volby zobrazen\u00ed obrazovky. Soubory cookies pro p\u0159ihl\u00e1\u0161en\u00ed plat\u00ed po dobu dvou dn\u016f a soubory cookies pro volby obrazovky plat\u00ed po dobu jednoho roku. Pokud zvol\u00edte mo\u017enost \"Pamatuj si m\u011b\", p\u0159ihl\u00e1\u0161en\u00ed bude trvat dva t\u00fddny. Pokud se odhl\u00e1s\u00edte ze sv\u00e9ho \u00fa\u010dtu, p\u0159ihla\u0161ovac\u00ed soubory cookies budou odstran\u011bny.<\/p>\n\n\n\n<p>Pokud upravujete nebo publikujete \u010dl\u00e1nek, dojde k ulo\u017een\u00ed dal\u0161\u00edho souboru cookie do va\u0161eho prohl\u00ed\u017ee\u010de. Tento soubor cookie neobsahuje \u017e\u00e1dn\u00e1 osobn\u00ed data a jednodu\u0161e ozna\u010duje identifik\u00e1tor p\u0159\u00edsp\u011bvku \u010dl\u00e1nku, kter\u00fd jste pr\u00e1v\u011b upravili. Soubor cookie vypr\u0161\u00ed po dobu jednoho dne.<\/p>\n\n\n\n<h2 class=\"wp-block-heading\">Vlo\u017een\u00fd obsah z jin\u00fdch webov\u00fdch str\u00e1nek<\/h2>\n\n\n\n<p>\u010cl\u00e1nky na t\u00e9to str\u00e1nce mohou obsahovat vlo\u017een\u00fd obsah (nap\u0159. videa, obr\u00e1zky, \u010dl\u00e1nky atd.). Vlo\u017een\u00fd obsah z jin\u00fdch webov\u00fdch str\u00e1nek se chov\u00e1 \u00fapln\u011b stejn\u00fdm zp\u016fsobem, jako by n\u00e1v\u0161t\u011bvn\u00edk nav\u0161t\u00edvil p\u0159\u00edmo danou webovou str\u00e1nku.<\/p>\n\n\n\n<p>Tyto webov\u00e9 str\u00e1nky mohou shroma\u017e\u010fovat \u00fadaje o v\u00e1s, pou\u017e\u00edvat soubory cookies, vkl\u00e1dat dal\u0161\u00ed sledovac\u00ed prvky t\u0159et\u00edch stran a monitorovat va\u0161i interakci s t\u00edmto vlo\u017een\u00fdm obsahem, v\u010detn\u011b sledov\u00e1n\u00ed va\u0161\u00ed interakce s t\u00edmto vlo\u017een\u00fdm obsahem, pokud m\u00e1te \u00fa\u010det a jste na dan\u00e9 webov\u00e9 str\u00e1nce p\u0159ihl\u00e1\u0161eni.<\/p>\n\n\n\n<h2 class=\"wp-block-heading\">S k\u00fdm sd\u00edl\u00edme Va\u0161e data<\/h2>\n\n\n\n<p><strong class=\"privacy-policy-tutorial\"> <\/strong>Pokud po\u017e\u00e1d\u00e1te o obnovu hesla, va\u0161e IP adresa bude zahrnuta v obnovovac\u00edm emailu.<\/p>\n\n\n\n<h2 class=\"wp-block-heading\">Jak dlouho uchov\u00e1v\u00e1me va\u0161e \u00fadaje<\/h2>\n\n\n\n<p><strong class=\"privacy-policy-tutorial\"> <\/strong>Pokud zanech\u00e1te koment\u00e1\u0159, koment\u00e1\u0159 a jeho metadata jsou uchov\u00e1v\u00e1ny na neomezenou dobu. To je z d\u016fvodu, aby bylo mo\u017en\u00e9 automaticky rozpoznat a schv\u00e1lit p\u0159\u00edpadn\u00e9 n\u00e1sledn\u00e9 koment\u00e1\u0159e m\u00edsto jejich \u010dek\u00e1n\u00ed ve front\u011b k moderaci.<\/p>\n\n\n\n<p>Pro u\u017eivatele, kte\u0159\u00ed se zaregistruj\u00ed na na\u0161\u00ed webov\u00e9 str\u00e1nce (pokud se n\u011bjac\u00ed zaregistruj\u00ed), ukl\u00e1d\u00e1me tak\u00e9 osobn\u00ed \u00fadaje, kter\u00e9 poskytnou ve sv\u00e9m u\u017eivatelsk\u00e9m profilu. V\u0161ichni u\u017eivatel\u00e9 maj\u00ed mo\u017enost kdykoliv vid\u011bt, upravit nebo smazat sv\u00e9 osobn\u00ed \u00fadaje (s v\u00fdjimkou u\u017eivatelsk\u00e9ho jm\u00e9na, kter\u00e9 nelze zm\u011bnit). Spr\u00e1vci webov\u00fdch str\u00e1nek tak\u00e9 maj\u00ed p\u0159\u00edstup k t\u011bmto informac\u00edm a mohou je upravovat.<\/p>\n\n\n\n<h2 class=\"wp-block-heading\">Jak\u00e1 pr\u00e1va m\u00e1te k va\u0161im \u00fadaj\u016fm<\/h2>\n\n\n\n<p><strong class=\"privacy-policy-tutorial\"> <\/strong>Pokud m\u00e1te \u00fa\u010det na t\u00e9to str\u00e1nce nebo jste zanechali koment\u00e1\u0159e, m\u016f\u017eete po\u017e\u00e1dat o p\u0159ijet\u00ed exportn\u00edho souboru s osobn\u00edmi \u00fadaji, kter\u00e9 o v\u00e1s m\u00e1me, v\u010detn\u011b v\u0161ech \u00fadaj\u016f, kter\u00e9 jste n\u00e1m poskytli. Tak\u00e9 m\u016f\u017eete po\u017e\u00e1dat o vymaz\u00e1n\u00ed ve\u0161ker\u00fdch osobn\u00edch \u00fadaj\u016f, kter\u00e9 o v\u00e1s m\u00e1me. Toto nezahrnuje \u017e\u00e1dn\u00e9 \u00fadaje, kter\u00e9 jsme povinni uchov\u00e1vat z d\u016fvod\u016f spr\u00e1vy, z\u00e1konn\u00fdch p\u0159edpis\u016f nebo bezpe\u010dnosti.<\/p>\n\n\n\n<h2 class=\"wp-block-heading\">Kam jsou odes\u00edl\u00e1ny va\u0161e \u00fadaje<\/h2>\n\n\n\n<p>Koment\u00e1\u0159e n\u00e1v\u0161t\u011bvn\u00edk\u016f mohou b\u00fdt zkontrolov\u00e1ny prost\u0159ednictv\u00edm automatick\u00e9 slu\u017eby detekce nevy\u017e\u00e1dan\u00e9 po\u0161ty.<\/p>","protected":false},"excerpt":{"rendered":"<p>Who we are Our website address is: https:\/\/smolgeek.com. Comments When visitors leave comments on the site we collect the data shown in the comments form, and also the visitor\u2019s IP address and browser user agent string to help spam detection. An anonymized string created from your email address (also called a hash) may be provided [&hellip;]<\/p>","protected":false},"author":1,"featured_media":0,"parent":0,"menu_order":99,"comment_status":"closed","ping_status":"closed","template":"","meta":{"_monsterinsights_skip_tracking":false,"_monsterinsights_sitenote_active":false,"_monsterinsights_sitenote_note":"","_monsterinsights_sitenote_category":0},"aioseo_notices":[],"_links":{"self":[{"href":"https:\/\/smolgeek.com\/cs\/wp-json\/wp\/v2\/pages\/140"}],"collection":[{"href":"https:\/\/smolgeek.com\/cs\/wp-json\/wp\/v2\/pages"}],"about":[{"href":"https:\/\/smolgeek.com\/cs\/wp-json\/wp\/v2\/types\/page"}],"author":[{"embeddable":true,"href":"https:\/\/smolgeek.com\/cs\/wp-json\/wp\/v2\/users\/1"}],"replies":[{"embeddable":true,"href":"https:\/\/smolgeek.com\/cs\/wp-json\/wp\/v2\/comments?post=140"}],"version-history":[{"count":1,"href":"https:\/\/smolgeek.com\/cs\/wp-json\/wp\/v2\/pages\/140\/revisions"}],"predecessor-version":[{"id":141,"href":"https:\/\/smolgeek.com\/cs\/wp-json\/wp\/v2\/pages\/140\/revisions\/141"}],"wp:attachment":[{"href":"https:\/\/smolgeek.com\/cs\/wp-json\/wp\/v2\/media?parent=140"}],"curies":[{"name":"wp","href":"https:\/\/api.w.org\/{rel}","templated":true}]}}